{"id":181,"date":"2025-11-08T21:08:00","date_gmt":"2025-11-08T21:08:00","guid":{"rendered":"http:\/\/ro-cemtrans44.com\/wordpress\/?page_id=181"},"modified":"2025-11-08T21:34:06","modified_gmt":"2025-11-08T21:34:06","slug":"startseite","status":"publish","type":"page","link":"https:\/\/ro-cemtrans44.com\/wordpress\/","title":{"rendered":"Startseite"},"content":{"rendered":"\n<div class=\"wp-block-cover alignfull\" style=\"min-height:486px;aspect-ratio:unset;\"><img fetchpriority=\"high\" decoding=\"async\" width=\"1024\" height=\"437\" class=\"wp-block-cover__image-background wp-image-182\" alt=\"\" src=\"https:\/\/ro-cemtrans44.com\/wordpress\/wp-content\/uploads\/2025\/11\/tir1-2-1024x437.jpeg\" data-object-fit=\"cover\" srcset=\"https:\/\/ro-cemtrans44.com\/wordpress\/wp-content\/uploads\/2025\/11\/tir1-2-1024x437.jpeg 1024w, https:\/\/ro-cemtrans44.com\/wordpress\/wp-content\/uploads\/2025\/11\/tir1-2-300x128.jpeg 300w, https:\/\/ro-cemtrans44.com\/wordpress\/wp-content\/uploads\/2025\/11\/tir1-2-768x328.jpeg 768w, https:\/\/ro-cemtrans44.com\/wordpress\/wp-content\/uploads\/2025\/11\/tir1-2-1536x656.jpeg 1536w, https:\/\/ro-cemtrans44.com\/wordpress\/wp-content\/uploads\/2025\/11\/tir1-2.jpeg 1938w\" sizes=\"(max-width: 1024px) 100vw, 1024px\" \/><span aria-hidden=\"true\" class=\"wp-block-cover__background has-background-dim\"><\/span><div class=\"wp-block-cover__inner-container is-layout-flow wp-block-cover-is-layout-flow\">\n<p class=\"has-text-align-center has-white-color has-text-color has-link-color has-x-large-font-size wp-elements-7ffc1be9f394edb8bacd810325a6be66\"><strong>Ro Cem Trans 44<\/strong><\/p>\n\n\n\n<h2 class=\"wp-block-heading has-text-align-center has-luminous-vivid-amber-color has-text-color has-link-color has-large-font-size wp-elements-747ebd8ff5b99d9a89ceb160a561718b\">Internationales Transportunternehmen<\/h2>\n\n\n\n<p class=\"has-text-align-center has-medium-font-size\">Ihr zuverl\u00e4ssiger Partner f\u00fcr europ\u00e4ische Stra\u00dfentransporte und Logistikl\u00f6sungen aus Rum\u00e4nien<\/p>\n<\/div><\/div>\n\n\n\n<div class=\"wp-block-media-text is-stacked-on-mobile\" style=\"border-style:none;border-width:0px;margin-top:0;margin-right:0;margin-bottom:0;margin-left:0;padding-top:100px;padding-right:0;padding-bottom:100px;padding-left:0;grid-template-columns:51% auto\"><figure class=\"wp-block-media-text__media\"><img decoding=\"async\" width=\"327\" height=\"218\" src=\"https:\/\/ro-cemtrans44.com\/wordpress\/wp-content\/uploads\/2025\/11\/karetir-min-1.jpg\" alt=\"\" class=\"wp-image-195 size-full\" srcset=\"https:\/\/ro-cemtrans44.com\/wordpress\/wp-content\/uploads\/2025\/11\/karetir-min-1.jpg 327w, https:\/\/ro-cemtrans44.com\/wordpress\/wp-content\/uploads\/2025\/11\/karetir-min-1-300x200.jpg 300w\" sizes=\"(max-width: 327px) 100vw, 327px\" \/><\/figure><div class=\"wp-block-media-text__content\">\n<p class=\"has-luminous-vivid-amber-color has-text-color has-link-color has-medium-font-size wp-elements-1dae7b7e126884c76fb0f0c61bb90271\"><strong>Professionelle Transportl\u00f6sungen<\/strong><\/p>\n\n\n\n<p><\/p>\n\n\n\n<p>Mit jahrelanger Erfahrung im europ\u00e4ischen Transportwesen bieten wir zuverl\u00e4ssige und effiziente L\u00f6sungen f\u00fcr alle Ihre Logistikanforderungen.<\/p>\n\n\n\n<p>Unsere moderne Flotte und erfahrenen Fahrer gew\u00e4hrleisten die sichere und p\u00fcnktliche Lieferung Ihrer G\u00fcter.<\/p>\n<\/div><\/div>\n\n\n\n<figure class=\"wp-block-table is-style-stripes\"><table class=\"has-fixed-layout\"><thead><tr><th class=\"has-text-align-center\" data-align=\"center\">Stra\u00dfentransport<\/th><th class=\"has-text-align-center\" data-align=\"center\">Express-Lieferung<\/th><th class=\"has-text-align-center\" data-align=\"center\">Ladungssicherung<\/th><\/tr><\/thead><tbody><tr><td class=\"has-text-align-center\" data-align=\"center\">Zuverl\u00e4ssiger Stra\u00dfentransport in ganz Europa mit moderner Flotte und erfahrenen Fahrern<\/td><td class=\"has-text-align-center\" data-align=\"center\">Schnelle und sichere Lieferung f\u00fcr zeitkritische Sendungen<\/td><td class=\"has-text-align-center\" data-align=\"center\">Professionelle Ladungssicherung und Transportversicherung<\/td><\/tr><\/tbody><\/table><\/figure>\n\n\n\n<p><\/p>\n","protected":false},"excerpt":{"rendered":"<p>Professionelle Transportl\u00f6sungen Mit jahrelanger Erfahrung im europ\u00e4ischen Transportwesen bieten wir zuverl\u00e4ssige und effiziente L\u00f6sungen f\u00fcr alle Ihre Logistikanforderungen. Unsere moderne Flotte und erfahrenen Fahrer gew\u00e4hrleisten die sichere und p\u00fcnktliche Lieferung Ihrer G\u00fcter. Stra\u00dfentransport Express-Lieferung Ladungssicherung Zuverl\u00e4ssiger Stra\u00dfentransport in ganz Europa mit moderner Flotte und erfahrenen Fahrern Schnelle und sichere Lieferung f\u00fcr zeitkritische Sendungen Professionelle Ladungssicherung [&hellip;]<\/p>\n","protected":false},"author":1,"featured_media":0,"parent":0,"menu_order":0,"comment_status":"closed","ping_status":"closed","template":"","meta":{"footnotes":""},"class_list":["post-181","page","type-page","status-publish","hentry"],"_links":{"self":[{"href":"https:\/\/ro-cemtrans44.com\/wordpress\/index.php\/wp-json\/wp\/v2\/pages\/181","targetHints":{"allow":["GET"]}}],"collection":[{"href":"https:\/\/ro-cemtrans44.com\/wordpress\/index.php\/wp-json\/wp\/v2\/pages"}],"about":[{"href":"https:\/\/ro-cemtrans44.com\/wordpress\/index.php\/wp-json\/wp\/v2\/types\/page"}],"author":[{"embeddable":true,"href":"https:\/\/ro-cemtrans44.com\/wordpress\/index.php\/wp-json\/wp\/v2\/users\/1"}],"replies":[{"embeddable":true,"href":"https:\/\/ro-cemtrans44.com\/wordpress\/index.php\/wp-json\/wp\/v2\/comments?post=181"}],"version-history":[{"count":3,"href":"https:\/\/ro-cemtrans44.com\/wordpress\/index.php\/wp-json\/wp\/v2\/pages\/181\/revisions"}],"predecessor-version":[{"id":198,"href":"https:\/\/ro-cemtrans44.com\/wordpress\/index.php\/wp-json\/wp\/v2\/pages\/181\/revisions\/198"}],"wp:attachment":[{"href":"https:\/\/ro-cemtrans44.com\/wordpress\/index.php\/wp-json\/wp\/v2\/media?parent=181"}],"curies":[{"name":"wp","href":"https:\/\/api.w.org\/{rel}","templated":true}]}}