{"id":199,"date":"2025-11-08T21:40:10","date_gmt":"2025-11-08T21:40:10","guid":{"rendered":"http:\/\/ro-cemtrans44.com\/wordpress\/?page_id=199"},"modified":"2025-11-16T14:41:52","modified_gmt":"2025-11-16T14:41:52","slug":"uber-uns","status":"publish","type":"page","link":"https:\/\/ro-cemtrans44.com\/wordpress\/index.php\/uber-uns\/","title":{"rendered":"\u00dcber Uns"},"content":{"rendered":"\n<h2 class=\"wp-block-heading has-text-align-center has-luminous-vivid-amber-color has-text-color has-link-color has-x-large-font-size wp-elements-582b04f870fece35fc8e0d733ed4c6c8\" style=\"margin-top:120px\"><strong>\u00dcber Cem Trans<\/strong><\/h2>\n\n\n\n<p class=\"has-text-align-center\" style=\"font-size:28px\">Ihr vertrauensw\u00fcrdiger Partner f\u00fcr europ\u00e4ische Transporte<\/p>\n\n\n\n<div class=\"wp-block-media-text is-stacked-on-mobile\" style=\"padding-top:70px;grid-template-columns:41% auto\"><figure class=\"wp-block-media-text__media\"><img fetchpriority=\"high\" decoding=\"async\" width=\"1024\" height=\"768\" src=\"https:\/\/ro-cemtrans44.com\/wordpress\/wp-content\/uploads\/2025\/11\/WhatsApp-Image-2025-11-16-at-15.21.36-4-1024x768.jpeg\" alt=\"\" class=\"wp-image-345 size-full\" srcset=\"https:\/\/ro-cemtrans44.com\/wordpress\/wp-content\/uploads\/2025\/11\/WhatsApp-Image-2025-11-16-at-15.21.36-4-1024x768.jpeg 1024w, https:\/\/ro-cemtrans44.com\/wordpress\/wp-content\/uploads\/2025\/11\/WhatsApp-Image-2025-11-16-at-15.21.36-4-300x225.jpeg 300w, https:\/\/ro-cemtrans44.com\/wordpress\/wp-content\/uploads\/2025\/11\/WhatsApp-Image-2025-11-16-at-15.21.36-4-768x576.jpeg 768w, https:\/\/ro-cemtrans44.com\/wordpress\/wp-content\/uploads\/2025\/11\/WhatsApp-Image-2025-11-16-at-15.21.36-4-1536x1152.jpeg 1536w, https:\/\/ro-cemtrans44.com\/wordpress\/wp-content\/uploads\/2025\/11\/WhatsApp-Image-2025-11-16-at-15.21.36-4.jpeg 2000w\" sizes=\"(max-width: 1024px) 100vw, 1024px\" \/><\/figure><div class=\"wp-block-media-text__content\">\n<p class=\"has-luminous-vivid-amber-color has-text-color has-link-color wp-elements-1148c283280b10033cb6a4dcaed69932\" style=\"font-size:25px\"><strong>Unsere Geschichte<\/strong><\/p>\n\n\n\n<p>Cem Trans ist ein f\u00fchrendes internationales Transportunternehmen mit Sitz in Rum\u00e4nien. Wir sind spezialisiert auf Stra\u00dfentransport und europ\u00e4ische Logistikl\u00f6sungen. Mit jahrelanger Erfahrung und einer modernen Flotte bieten wir zuverl\u00e4ssige und effiziente Transportdienstleistungen in ganz Europa.<\/p>\n<\/div><\/div>\n\n\n\n<p><\/p>\n","protected":false},"excerpt":{"rendered":"<p>\u00dcber Cem Trans Ihr vertrauensw\u00fcrdiger Partner f\u00fcr europ\u00e4ische Transporte Unsere Geschichte Cem Trans ist ein f\u00fchrendes internationales Transportunternehmen mit Sitz in Rum\u00e4nien. Wir sind spezialisiert auf Stra\u00dfentransport und europ\u00e4ische Logistikl\u00f6sungen. Mit jahrelanger Erfahrung und einer modernen Flotte bieten wir zuverl\u00e4ssige und effiziente Transportdienstleistungen in ganz Europa.<\/p>\n","protected":false},"author":1,"featured_media":0,"parent":0,"menu_order":0,"comment_status":"closed","ping_status":"closed","template":"","meta":{"footnotes":""},"class_list":["post-199","page","type-page","status-publish","hentry"],"_links":{"self":[{"href":"https:\/\/ro-cemtrans44.com\/wordpress\/index.php\/wp-json\/wp\/v2\/pages\/199","targetHints":{"allow":["GET"]}}],"collection":[{"href":"https:\/\/ro-cemtrans44.com\/wordpress\/index.php\/wp-json\/wp\/v2\/pages"}],"about":[{"href":"https:\/\/ro-cemtrans44.com\/wordpress\/index.php\/wp-json\/wp\/v2\/types\/page"}],"author":[{"embeddable":true,"href":"https:\/\/ro-cemtrans44.com\/wordpress\/index.php\/wp-json\/wp\/v2\/users\/1"}],"replies":[{"embeddable":true,"href":"https:\/\/ro-cemtrans44.com\/wordpress\/index.php\/wp-json\/wp\/v2\/comments?post=199"}],"version-history":[{"count":5,"href":"https:\/\/ro-cemtrans44.com\/wordpress\/index.php\/wp-json\/wp\/v2\/pages\/199\/revisions"}],"predecessor-version":[{"id":347,"href":"https:\/\/ro-cemtrans44.com\/wordpress\/index.php\/wp-json\/wp\/v2\/pages\/199\/revisions\/347"}],"wp:attachment":[{"href":"https:\/\/ro-cemtrans44.com\/wordpress\/index.php\/wp-json\/wp\/v2\/media?parent=199"}],"curies":[{"name":"wp","href":"https:\/\/api.w.org\/{rel}","templated":true}]}}